{"id":16,"date":"2022-09-12T07:21:41","date_gmt":"2022-09-12T07:21:41","guid":{"rendered":"https:\/\/andreamariebaiocchi.com\/?page_id=16"},"modified":"2022-09-12T08:56:31","modified_gmt":"2022-09-12T08:56:31","slug":"a-homepage-section","status":"publish","type":"page","link":"https:\/\/andreamariebaiocchi.com\/index.php\/a-homepage-section\/","title":{"rendered":"DE"},"content":{"rendered":"\n<p><\/p>\n\n\n\n<p>Andrea Marie Baiocchi wurde in Chicago geboren und erwarb den Bachelorgrad und Performer Diploma an der Indiana University Bloomington, wo sie u.a. auch mit einem \u201ePerformer\u2019s Certificate\u201c ausgezeichnet wurde, dem h\u00f6chsten musikalischen Ehrenpreis dieser Institution. Erg\u00e4nzend besuchte sie Meisterkurse u.a. bei der Schubertiade Schwarzenberg\/\u00d6sterreich, beim Schleswig-Holstein-Musikfestival, Steans Institute Ravinia\/USA, Britten-Pears Aldeburgh, Franz-Schubert-Institut Baden-bei-Wien. 2013 wurde sie als eine von drei Pianisten zum Lied-Meisterkurs von Malcolm Martineau Crear\/Schottland eingeladen.<\/p>\n\n\n\n<p>Andrea Marie Baiocchi war Stipendiatin des Gilmore International Keyboard Festivals. 2002 errang sie beim \u201eNational Career Award\u201c der National Society of Arts and Letters den Ersten Preis im Fach Klavier. Ebenso war sie 2009 Finalistin beim Concours International de Chant-Piano Nadia et Lili Boulanger Paris.<br><br>In Konzerten war Andrea Marie Baiocchi u.a. in der Carnegie Hall New York, in der Philharmonie Berlin, im Gasteig M\u00fcnchen, im Mozarteum Salzburg, im Musikverein Wien, in der Cit\u00e9 International des Arts Paris und im Canadian Opera Company\u2019s Four Seasons Center for the Performing Arts Toronto zu h\u00f6ren. Sie tritt regelm\u00e4\u00dfig in den USA und in Europa auf.<\/p>\n\n\n\n<p><br>Von 2005-2011 war sie Assistentin von Thomas Quasthoff an der Hochschule f\u00fcr Musik Hanns Eisler Berlin. 2011-2022 hat sie ihre eigene Korrepetitionsklasse unterrichtet und versieht zudem einen Lehrauftrag f\u00fcr Alexander Technik. Als ausgebildete Alexander-Technik Lehrerin bietet sie dieses seit 2013 als Unterricht an der HfM Hanns Eisler an, sowohl auch in London und an der Yong Siew Toh Conservatory of Music in Singapur. Zurzeit arbeitet Andrea Marie Baiocchi an der Hochschule f\u00fcr Musik W\u00fcrzburg.<\/p>\n\n\n\n<p><br>Andrea Marie Baiocchi ist sowohl als Solistin und Liedpianistin wie auch als Kammermusikpartnerin in zahlreichen Konzerten zu h\u00f6ren.<\/p>\n","protected":false},"excerpt":{"rendered":"<p>Andrea Marie Baiocchi wurde in Chicago geboren und erwarb den Bachelorgrad und Performer Diploma an der Indiana University Bloomington, wo sie u.a. auch mit einem \u201ePerformer\u2019s Certificate\u201c ausgezeichnet wurde, dem h\u00f6chsten musikalischen Ehrenpreis dieser Institution. Erg\u00e4nzend besuchte sie Meisterkurse u.a. bei der Schubertiade Schwarzenberg\/\u00d6sterreich, beim Schleswig-Holstein-Musikfestival, Steans Institute Ravinia\/USA, Britten-Pears Aldeburgh, Franz-Schubert-Institut Baden-bei-Wien. 2013 wurde &hellip; <\/p>\n<p class=\"link-more\"><a href=\"https:\/\/andreamariebaiocchi.com\/index.php\/a-homepage-section\/\" class=\"more-link\">Continue reading<span class=\"screen-reader-text\"> &#8220;DE&#8221;<\/span><\/a><\/p>\n","protected":false},"author":1,"featured_media":46,"parent":0,"menu_order":0,"comment_status":"closed","ping_status":"closed","template":"","meta":{"om_disable_all_campaigns":false,"_monsterinsights_skip_tracking":false,"_monsterinsights_sitenote_active":false,"_monsterinsights_sitenote_note":"","_monsterinsights_sitenote_category":0},"aioseo_notices":[],"_links":{"self":[{"href":"https:\/\/andreamariebaiocchi.com\/index.php\/wp-json\/wp\/v2\/pages\/16"}],"collection":[{"href":"https:\/\/andreamariebaiocchi.com\/index.php\/wp-json\/wp\/v2\/pages"}],"about":[{"href":"https:\/\/andreamariebaiocchi.com\/index.php\/wp-json\/wp\/v2\/types\/page"}],"author":[{"embeddable":true,"href":"https:\/\/andreamariebaiocchi.com\/index.php\/wp-json\/wp\/v2\/users\/1"}],"replies":[{"embeddable":true,"href":"https:\/\/andreamariebaiocchi.com\/index.php\/wp-json\/wp\/v2\/comments?post=16"}],"version-history":[{"count":4,"href":"https:\/\/andreamariebaiocchi.com\/index.php\/wp-json\/wp\/v2\/pages\/16\/revisions"}],"predecessor-version":[{"id":81,"href":"https:\/\/andreamariebaiocchi.com\/index.php\/wp-json\/wp\/v2\/pages\/16\/revisions\/81"}],"wp:featuredmedia":[{"embeddable":true,"href":"https:\/\/andreamariebaiocchi.com\/index.php\/wp-json\/wp\/v2\/media\/46"}],"wp:attachment":[{"href":"https:\/\/andreamariebaiocchi.com\/index.php\/wp-json\/wp\/v2\/media?parent=16"}],"curies":[{"name":"wp","href":"https:\/\/api.w.org\/{rel}","templated":true}]}}